{"id":1324,"date":"2025-06-25T18:26:59","date_gmt":"2025-06-25T16:26:59","guid":{"rendered":"https:\/\/arztpraxis-ebner.at\/?page_id=1324"},"modified":"2025-06-25T18:36:07","modified_gmt":"2025-06-25T16:36:07","slug":"impressum","status":"publish","type":"page","link":"https:\/\/arztpraxis-ebner.at\/?page_id=1324","title":{"rendered":"Impressum"},"content":{"rendered":"\r\n<p>Informationspflicht laut \u00a75 E-Commerce Gesetz, \u00a714 Unternehmensgesetzbuch, \u00a763 Gewerbeordnung und Offenlegungspflicht laut \u00a725 Mediengesetz.<\/p>\r\n<p>Dr. Kathrin Ebner<br \/>\u00c4rztin f\u00fcr Allgemeinmedizin<br \/>Rainerkai 3<br \/>5400 Hallein, \u00d6sterreich<\/p>\r\n<p>Tel.: +43(0) 6245 70 419<\/p>\r\n<p>Website: www.arztpraxis-ebner.at<\/p>\r\n<p>Mitglied bei: \u00c4rztekammer Salzburg<br \/>Berufsrecht: T\u00e4tigkeit unterliegt dem \u00c4rztegesetz 1998 (www.ris.bka.gv.at\/bundesrecht)<\/p>\r\n<p><strong>Berufsbezeichnung:<\/strong>\u00a0Arzt f\u00fcr Allgemeinmedizin<br \/>Verleihungsstaat: \u00d6sterreich<\/p>\r\n<p><strong>Zust\u00e4ndige \u00c4rztekammer<\/strong><\/p>\r\n<p>\u00c4rztekammer Salzburg<br \/>Faberstra\u00dfe 10<br \/>5020 Salzburg<br \/>+43 662 871327 0<\/p>\r\n<p><strong>Kontaktdaten des Verantwortlichen f\u00fcr Datenschutz<\/strong><br \/>Sollten Sie Fragen zum Datenschutz haben, finden Sie nachfolgend die Kontaktdaten der verantwortlichen Person bzw. Stelle:<\/p>\r\n<p>Dr. Katrin Ebner<br \/>\u00c4rztin f\u00fcr Allgemeinmedizin<br \/>Reinerkai 3<br \/>5400 Hallein, \u00d6sterreich<\/p>\r\n<p>Telefon: +43(0) 6245 70 419<br \/>Impressum: <a href=\"https:\/\/arztpraxis-ebner.at\/?page_id=3\">https:\/\/www.arztpraxis-ebner.at\/impressum\/<\/a><\/p>\r\n<h3 class=\"fusion-responsive-typography-calculated wp-block-heading\" data-fontsize=\"36\" data-lineheight=\"43.2px\"><strong>EU-Streitschlichtung<\/strong><\/h3>\r\n<p>Gem\u00e4\u00df Verordnung \u00fcber Online-Streitbeilegung in Verbraucherangelegenheiten (ODR-Verordnung) m\u00f6chten wir Sie \u00fcber die Online-Streitbeilegungsplattform (OS-Plattform) informieren.<br \/>Verbraucher haben die M\u00f6glichkeit, Beschwerden an die Online Streitbeilegungsplattform der Europ\u00e4ischen Kommission unter http:\/\/ec.europa.eu\/odr?tid=121890394 zu richten. Die daf\u00fcr notwendigen Kontaktdaten finden Sie oberhalb in unserem Impressum.<\/p>\r\n<p>Wir m\u00f6chten Sie jedoch darauf hinweisen, dass wir nicht bereit oder verpflichtet sind, an Streitbeilegungsverfahren vor einer Verbraucherschlichtungsstelle teilzunehmen.<\/p>\r\n<h3 class=\"fusion-responsive-typography-calculated\" data-fontsize=\"36\" data-lineheight=\"43.2px\">Haftung f\u00fcr Inhalte dieser Website<\/h3>\r\n<p>Wir entwickeln die Inhalte dieser Website st\u00e4ndig weiter und bem\u00fchen uns korrekte und aktuelle Informationen bereitzustellen. Leider k\u00f6nnen wir keine Haftung f\u00fcr die Korrektheit aller Inhalte auf dieser Website \u00fcbernehmen, speziell f\u00fcr jene, die seitens Dritter bereitgestellt wurden. Als Diensteanbieter sind wir nicht verpflichtet, die von ihnen \u00fcbermittelten oder gespeicherten Informationen zu \u00fcberwachen oder nach Umst\u00e4nden zu forschen, die auf eine rechtswidrige T\u00e4tigkeit hinweisen.<\/p>\r\n<p>Unsere Verpflichtungen zur Entfernung von Informationen oder zur Sperrung der Nutzung von Informationen nach den allgemeinen Gesetzen aufgrund von gerichtlichen oder beh\u00f6rdlichen Anordnungen bleiben auch im Falle unserer Nichtverantwortlichkeit davon unber\u00fchrt.<\/p>\r\n<p>Sollten Ihnen problematische oder rechtswidrige Inhalte auffallen, bitte wir Sie uns umgehend zu kontaktieren, damit wir die rechtswidrigen Inhalte entfernen k\u00f6nnen. Sie finden die Kontaktdaten im Impressum.<\/p>\r\n<h3 class=\"fusion-responsive-typography-calculated\" data-fontsize=\"36\" data-lineheight=\"43.2px\">Haftung f\u00fcr Links auf dieser Website<\/h3>\r\n<p>Unsere Website enth\u00e4lt Links zu anderen Websites f\u00fcr deren Inhalt wir nicht verantwortlich sind. Haftung f\u00fcr verlinkte Websites besteht f\u00fcr uns nicht, da wir keine Kenntnis rechtswidriger T\u00e4tigkeiten hatten und haben, uns solche Rechtswidrigkeiten auch bisher nicht aufgefallen sind und wir Links sofort entfernen w\u00fcrden, wenn uns Rechtswidrigkeiten bekannt werden.<\/p>\r\n<p>Wenn Ihnen rechtswidrige Links auf unserer Website auffallen, bitte wir Sie uns zu kontaktieren. Sie finden die Kontaktdaten im Impressum.<\/p>\r\n<h3 class=\"fusion-responsive-typography-calculated\" data-fontsize=\"36\" data-lineheight=\"43.2px\">Urheberrechtshinweis<\/h3>\r\n<p>Alle Inhalte dieser Webseite (Bilder, Fotos, Texte, Videos) unterliegen dem Urheberrecht. Bitte fragen Sie uns bevor Sie die Inhalte dieser Website verbreiten, vervielf\u00e4ltigen oder verwerten wie zum Beispiel auf anderen Websites erneut ver\u00f6ffentlichen. Falls notwendig, werden wir die unerlaubte Nutzung von Teilen der Inhalte unserer Seite rechtlich verfolgen.<\/p>\r\n<p>Sollten Sie auf dieser Webseite Inhalte finden, die das Urheberrecht verletzen, bitten wir Sie uns zu kontaktieren.<\/p>\r\n<h3 class=\"fusion-responsive-typography-calculated\" data-fontsize=\"36\" data-lineheight=\"43.2px\">Bildernachweis<\/h3>\r\n<p>Die Bilder, Fotos und Grafiken auf dieser Webseite sind urheberrechtlich gesch\u00fctzt.<\/p>\r\n<p>Alle Texte sind urheberrechtlich gesch\u00fctzt.<\/p>\r\n","protected":false},"excerpt":{"rendered":"<p>Informationspflicht laut \u00a75 E-Commerce Gesetz, \u00a714 Unternehmensgesetzbuch, \u00a763 Gewerbeordnung und Offenlegungspflicht laut \u00a725 Mediengesetz. Dr. Kathrin Ebner\u00c4rztin f\u00fcr AllgemeinmedizinRainerkai 35400 Hallein, \u00d6sterreich Tel.: +43(0) 6245 70 419 Website: www.arztpraxis-ebner.at Mitglied bei: \u00c4rztekammer SalzburgBerufsrecht: T\u00e4tigkeit unterliegt dem \u00c4rztegesetz 1998 (www.ris.bka.gv.at\/bundesrecht) Berufsbezeichnung:\u00a0Arzt f\u00fcr AllgemeinmedizinVerleihungsstaat: \u00d6sterreich Zust\u00e4ndige \u00c4rztekammer \u00c4rztekammer SalzburgFaberstra\u00dfe 105020 Salzburg+43 662 871327 0 Kontaktdaten des Verantwortlichen  [&#8230;]<\/p>\n","protected":false},"author":1,"featured_media":0,"parent":0,"menu_order":0,"comment_status":"closed","ping_status":"open","template":"","meta":{"footnotes":""},"class_list":["post-1324","page","type-page","status-publish","hentry"],"_links":{"self":[{"href":"https:\/\/arztpraxis-ebner.at\/index.php?rest_route=\/wp\/v2\/pages\/1324","targetHints":{"allow":["GET"]}}],"collection":[{"href":"https:\/\/arztpraxis-ebner.at\/index.php?rest_route=\/wp\/v2\/pages"}],"about":[{"href":"https:\/\/arztpraxis-ebner.at\/index.php?rest_route=\/wp\/v2\/types\/page"}],"author":[{"embeddable":true,"href":"https:\/\/arztpraxis-ebner.at\/index.php?rest_route=\/wp\/v2\/users\/1"}],"replies":[{"embeddable":true,"href":"https:\/\/arztpraxis-ebner.at\/index.php?rest_route=%2Fwp%2Fv2%2Fcomments&post=1324"}],"version-history":[{"count":2,"href":"https:\/\/arztpraxis-ebner.at\/index.php?rest_route=\/wp\/v2\/pages\/1324\/revisions"}],"predecessor-version":[{"id":1331,"href":"https:\/\/arztpraxis-ebner.at\/index.php?rest_route=\/wp\/v2\/pages\/1324\/revisions\/1331"}],"wp:attachment":[{"href":"https:\/\/arztpraxis-ebner.at\/index.php?rest_route=%2Fwp%2Fv2%2Fmedia&parent=1324"}],"curies":[{"name":"wp","href":"https:\/\/api.w.org\/{rel}","templated":true}]}}