{"id":1224,"date":"2025-06-25T15:22:47","date_gmt":"2025-06-25T13:22:47","guid":{"rendered":"https:\/\/arztpraxis-ebner.at\/?page_id=1224"},"modified":"2026-04-06T17:28:00","modified_gmt":"2026-04-06T15:28:00","slug":"rezeptbestellung","status":"publish","type":"page","link":"https:\/\/arztpraxis-ebner.at\/?page_id=1224","title":{"rendered":"Rezeptbestellung"},"content":{"rendered":"<div class=\"fusion-fullwidth fullwidth-box fusion-builder-row-1 fusion-flex-container has-pattern-background has-mask-background nonhundred-percent-fullwidth non-hundred-percent-height-scrolling\" style=\"--awb-border-radius-top-left:0px;--awb-border-radius-top-right:0px;--awb-border-radius-bottom-right:0px;--awb-border-radius-bottom-left:0px;--awb-flex-wrap:wrap;\" ><div class=\"fusion-builder-row fusion-row fusion-flex-align-items-flex-start fusion-flex-content-wrap\" style=\"max-width:1216.8px;margin-left: calc(-4% \/ 2 );margin-right: calc(-4% \/ 2 );\"><div class=\"fusion-layout-column fusion_builder_column fusion-builder-column-0 fusion_builder_column_1_1 1_1 fusion-flex-column\" style=\"--awb-bg-size:cover;--awb-width-large:100%;--awb-margin-top-large:0px;--awb-spacing-right-large:1.92%;--awb-margin-bottom-large:0px;--awb-spacing-left-large:1.92%;--awb-width-medium:100%;--awb-spacing-right-medium:1.92%;--awb-spacing-left-medium:1.92%;--awb-width-small:100%;--awb-spacing-right-small:1.92%;--awb-spacing-left-small:1.92%;\"><div class=\"fusion-column-wrapper fusion-flex-justify-content-flex-start fusion-content-layout-column\"><div class=\"fusion-text fusion-text-1\"><h4 style=\"line-height: 200%; margin: 0cm 0cm 6.75pt 0cm;\"><span style=\"font-size: 13.5pt; line-height: 200%; font-family: 'Source Sans Pro',sans-serif; color: #333c4e; letter-spacing: .75pt; font-weight: normal;\">F\u00fcr Patienten mit\u00a0<strong><i><span style=\"font-family: 'Source Sans Pro',sans-serif; font-weight: normal;\">Dauermedikation<\/span><\/i><\/strong><em><span style=\"font-family: 'Source Sans Pro',sans-serif;\">\u00a0<\/span><\/em>besteht die M\u00f6glichkeit die ben\u00f6tigten Arzneimittel mittels\nunserer Online Rezeptbestellung zu ordern.<\/span><\/h4>\n<h4 style=\"line-height: 200%; margin: 0cm 0cm 6.75pt 0cm;\"><span style=\"font-size: 13.5pt; line-height: 200%; font-family: 'Source Sans Pro',sans-serif; color: #333c4e; letter-spacing: .75pt; font-weight: normal;\">Voraussetzung daf\u00fcr ist, dass das Medikament bereits durch unsere Ordination verschrieben worden ist.<\/span><\/h4>\n<\/div><\/div><\/div><\/div><\/div><div class=\"fusion-fullwidth fullwidth-box fusion-builder-row-2 fusion-flex-container has-pattern-background has-mask-background nonhundred-percent-fullwidth non-hundred-percent-height-scrolling\" style=\"--awb-border-radius-top-left:0px;--awb-border-radius-top-right:0px;--awb-border-radius-bottom-right:0px;--awb-border-radius-bottom-left:0px;--awb-flex-wrap:wrap;\" ><div class=\"fusion-builder-row fusion-row fusion-flex-align-items-flex-start fusion-flex-content-wrap\" style=\"max-width:1216.8px;margin-left: calc(-4% \/ 2 );margin-right: calc(-4% \/ 2 );\"><div class=\"fusion-layout-column fusion_builder_column fusion-builder-column-1 fusion_builder_column_2_3 2_3 fusion-flex-column\" style=\"--awb-bg-size:cover;--awb-width-large:66.666666666667%;--awb-margin-top-large:0px;--awb-spacing-right-large:2.88%;--awb-margin-bottom-large:30px;--awb-spacing-left-large:2.88%;--awb-width-medium:100%;--awb-order-medium:0;--awb-spacing-right-medium:1.92%;--awb-spacing-left-medium:1.92%;--awb-width-small:100%;--awb-order-small:0;--awb-spacing-right-small:1.92%;--awb-spacing-left-small:1.92%;\"><div class=\"fusion-column-wrapper fusion-column-has-shadow fusion-flex-justify-content-flex-start fusion-content-layout-column\"><div class=\"fusion-form fusion-form-builder fusion-form-form-wrapper fusion-form-1230\" style=\"--awb-tooltip-text-color:#ffffff;--awb-tooltip-background-color:#333333;\" data-form-id=\"1230\" data-config=\"{&quot;form_id&quot;:&quot;1230&quot;,&quot;form_post_id&quot;:&quot;1230&quot;,&quot;post_id&quot;:1224,&quot;form_type&quot;:&quot;ajax&quot;,&quot;confirmation_type&quot;:&quot;message&quot;,&quot;redirect_url&quot;:&quot;&quot;,&quot;redirect_timeout&quot;:&quot;0&quot;,&quot;field_labels&quot;:{&quot;vorname&quot;:&quot;Vorname&quot;,&quot;nachname&quot;:&quot;Nachname&quot;,&quot;e-mail-adresse&quot;:&quot;E-Mail-Adresse&quot;,&quot;sozialversicherungsnummer&quot;:&quot;Sozialversicherungsnummer (die ersten 4 Stellen)&quot;,&quot;geburtsdatum&quot;:&quot;Geburtsdatum (ACHTUNG: JJJJ-MM-TT):&quot;,&quot;medikament&quot;:&quot;Medikament, Dosierung, Anzahl&quot;,&quot;zustimmung&quot;:&quot;Zustimmung\\\/Datenschutzerkl\\u00e4rung&quot;},&quot;field_logics&quot;:{&quot;vorname&quot;:&quot;&quot;,&quot;nachname&quot;:&quot;&quot;,&quot;e-mail-adresse&quot;:&quot;&quot;,&quot;sozialversicherungsnummer&quot;:&quot;&quot;,&quot;geburtsdatum&quot;:&quot;&quot;,&quot;medikament&quot;:&quot;&quot;,&quot;zustimmung&quot;:&quot;&quot;,&quot;submit_1&quot;:&quot;&quot;,&quot;notice_1&quot;:&quot;&quot;},&quot;field_types&quot;:{&quot;vorname&quot;:&quot;text&quot;,&quot;nachname&quot;:&quot;text&quot;,&quot;e-mail-adresse&quot;:&quot;email&quot;,&quot;sozialversicherungsnummer&quot;:&quot;number&quot;,&quot;geburtsdatum&quot;:&quot;date&quot;,&quot;medikament&quot;:&quot;textarea&quot;,&quot;zustimmung&quot;:&quot;consent&quot;,&quot;submit_1&quot;:&quot;submit&quot;,&quot;notice_1&quot;:&quot;notice&quot;},&quot;nonce_method&quot;:&quot;ajax&quot;,&quot;form_views&quot;:&quot;&quot;,&quot;form_views_counting&quot;:&quot;&quot;}\"><form action=\"https:\/\/arztpraxis-ebner.at\/?page_id=1224\" method=\"post\" class=\"fusion-form fusion-form-1230\"><div class=\"fusion-fullwidth fullwidth-box fusion-builder-row-2-1 fusion-flex-container has-pattern-background has-mask-background nonhundred-percent-fullwidth non-hundred-percent-height-scrolling\" style=\"--awb-border-radius-top-left:0px;--awb-border-radius-top-right:0px;--awb-border-radius-bottom-right:0px;--awb-border-radius-bottom-left:0px;--awb-flex-wrap:wrap;\" ><div class=\"fusion-builder-row fusion-row fusion-flex-align-items-flex-start fusion-flex-content-wrap\" style=\"width:104% !important;max-width:104% !important;margin-left: calc(-4% \/ 2 );margin-right: calc(-4% \/ 2 );\"><div class=\"fusion-layout-column fusion_builder_column fusion-builder-column-2 fusion_builder_column_1_1 1_1 fusion-flex-column\" style=\"--awb-bg-size:cover;--awb-width-large:100%;--awb-flex-grow:0;--awb-flex-shrink:0;--awb-margin-top-large:0px;--awb-spacing-right-large:1.92%;--awb-margin-bottom-large:30px;--awb-spacing-left-large:1.92%;--awb-width-medium:100%;--awb-order-medium:0;--awb-flex-grow-medium:0;--awb-flex-shrink-medium:0;--awb-spacing-right-medium:1.92%;--awb-spacing-left-medium:1.92%;--awb-width-small:100%;--awb-order-small:0;--awb-flex-grow-small:0;--awb-flex-shrink-small:0;--awb-spacing-right-small:1.92%;--awb-spacing-left-small:1.92%;\"><div class=\"fusion-column-wrapper fusion-column-has-shadow fusion-flex-justify-content-flex-start fusion-content-layout-column\"><div class=\"fusion-form-field fusion-form-text-field fusion-form-label-above\" style=\"\" data-form-id=\"1230\"><div class=\"fusion-form-label-wrapper\"><label for=\"vorname\">Vorname <abbr class=\"fusion-form-element-required\" title=\"required\">*<\/abbr><\/label><\/div><div class=\"fusion-form-input-with-icon\"><i class=\"awb-form-icon fa-address-book fas\"><\/i><input type=\"text\" autocomplete=\"off\"  data-empty-notice=\"Pflichtfeld\" name=\"vorname\" id=\"vorname\" value=\"\"  class=\"fusion-form-input\" required=\"true\" aria-required=\"true\" placeholder=\"Bitte Vornamen einf\u00fcgen *\" data-holds-private-data=\"false\" minlength=\"0\"\/><\/div><\/div><div class=\"fusion-form-field fusion-form-text-field fusion-form-label-above\" style=\"\" data-form-id=\"1230\"><div class=\"fusion-form-label-wrapper\"><label for=\"nachname\">Nachname <abbr class=\"fusion-form-element-required\" title=\"required\">*<\/abbr><\/label><\/div><div class=\"fusion-form-input-with-icon\"><i class=\"awb-form-icon fa-address-book fas\"><\/i><input type=\"text\" autocomplete=\"off\"  data-empty-notice=\"Pflichtfeld\" name=\"nachname\" id=\"nachname\" value=\"\"  class=\"fusion-form-input\" required=\"true\" aria-required=\"true\" placeholder=\"Bitte Nachnamen einf\u00fcgen *\" data-holds-private-data=\"false\" minlength=\"0\"\/><\/div><\/div><div class=\"fusion-form-field fusion-form-email-field fusion-form-label-above\" style=\"\" data-form-id=\"1230\"><div class=\"fusion-form-label-wrapper\"><label for=\"e-mail-adresse\">E-Mail-Adresse <abbr class=\"fusion-form-element-required\" title=\"required\">*<\/abbr><\/label><\/div><div class=\"fusion-form-input-with-icon\"><i class=\"awb-form-icon fa-at fas\"><\/i><input type=\"email\" autocomplete=\"off\"  data-empty-notice=\"Pflichtfeld\" name=\"e-mail-adresse\" id=\"e-mail-adresse\" value=\"\"  class=\"fusion-form-input\" required=\"true\" aria-required=\"true\" placeholder=\"Bitte Mailadresse einf\u00fcgen *\" data-holds-private-data=\"false\"\/><\/div><\/div><div class=\"fusion-form-field fusion-form-number-field fusion-form-label-above\" style=\"\" data-form-id=\"1230\"><div class=\"fusion-form-label-wrapper\"><label for=\"sozialversicherungsnummer\">Sozialversicherungsnummer (die ersten 4 Stellen) <abbr class=\"fusion-form-element-required\" title=\"required\">*<\/abbr><\/label><\/div><div class=\"fusion-form-input-with-icon\"><i class=\"awb-form-icon fa-address-card fas\"><\/i><input type=\"number\" autocomplete=\"off\"  data-empty-notice=\"Pflichtfeld\" name=\"sozialversicherungsnummer\" id=\"sozialversicherungsnummer\" value=\"\"  class=\"fusion-form-input\" required=\"true\" aria-required=\"true\" placeholder=\"Bitte die ersten 4 Stellen ihrer Sozialversicherungsnummer einf\u00fcgen *\" data-holds-private-data=\"false\" min=\"1111\" max=\"9999\"\/><\/div><\/div><div class=\"fusion-form-field fusion-form-date-field fusion-form-label-above\" style=\"\" data-form-id=\"1230\"><label for=\"geburtsdatum\">Geburtsdatum (ACHTUNG: JJJJ-MM-TT): <abbr class=\"fusion-form-element-required\" title=\"required\">*<\/abbr><\/label><div class=\"fusion-form-input-with-icon\"><i class=\"fa-calendar-alt fas\"><\/i><input autocomplete=\"off\" type=\"date\" data-empty-notice=\"Pflichtfeld\"  data-first-day=\"1\"  data-format=\"\" tabindex=\"\" id=\"geburtsdatum\" name=\"geburtsdatum\" data-type=\"custom\" value=\"\" data-holds-private-data=\"false\" class=\"fusion-form-input\" required=\"true\" aria-required=\"true\" placeholder=\"Bitte Geburtsdatum einf\u00fcgen *\"autocomplete=\"no\"\/><\/div><\/div><div class=\"fusion-form-field fusion-form-textarea-field fusion-form-label-above\" style=\"\" data-form-id=\"1230\"><label for=\"medikament\">Medikament, Dosierung, Anzahl <abbr class=\"fusion-form-element-required\" title=\"required\">*<\/abbr><\/label><div class=\"fusion-form-input-with-icon\"><i class=\" fa-list fas\"><\/i><textarea cols=\"40\" autocomplete=\"off\" data-empty-notice=\"Pflichtfeld\"  minlength=\"0\"  rows=\"2\" tabindex=\"\" id=\"medikament\" name=\"medikament\" class=\"fusion-form-input\" required=\"true\" aria-required=\"true\" placeholder=\"Bitte f\u00fcgen sie die gew\u00fcnschten Medikamente hinzu *\" data-holds-private-data=\"false\"><\/textarea><\/div><\/div><div class=\"fusion-form-field fusion-form-consent-field fusion-form-label-above\" style=\"\" data-form-id=\"1230\"><div class=\"fusion-form-label-wrapper\"><label for=\"zustimmung\">Zustimmung\/Datenschutzerkl\u00e4rung <abbr class=\"fusion-form-element-required\" title=\"required\">*<\/abbr><\/label><\/div><div class=\"fusion-form-checkbox option-inline\"><input tabindex=\"\" id=\"zustimmung\" type=\"checkbox\" value=\"1\" name=\"zustimmung\" class=\"fusion-form-input\" required=\"true\" aria-required=\"true\"\/><label for=\"zustimmung\">Ich stimme zu, dass die von mir eingetragen Daten durch die Arztpraxis Ebner zur Abwicklung der Rezeptbestellung verarbeitet und gespeichert werden d\u00fcrfen. Bitte vergewissern Sie sich \u00fcber die Richtigkeit Ihrer Angaben.<\/label><\/div><\/div><div class=\"fusion-form-field fusion-form-submit-field fusion-form-label-above\" style=\"\" data-form-id=\"1230\"><div ><button type=\"submit\" class=\"fusion-button button-flat fusion-button-default-size button-default fusion-button-default button-1 fusion-button-default-span  button-default form-form-submit\" style=\"width:calc(100%);\" data-form-number=\"1230\" tabindex=\"\"><i class=\"fa-paper-plane fas awb-button__icon awb-button__icon--default button-icon-left\" aria-hidden=\"true\"><\/i><span class=\"fusion-button-text awb-button__text awb-button__text--default\">Rezeptbestellung Absenden<\/span><\/button><\/div><\/div><\/div><\/div><\/div><\/div><div class=\"fusion-fullwidth fullwidth-box fusion-builder-row-2-2 fusion-flex-container has-pattern-background has-mask-background nonhundred-percent-fullwidth non-hundred-percent-height-scrolling\" style=\"--awb-border-radius-top-left:0px;--awb-border-radius-top-right:0px;--awb-border-radius-bottom-right:0px;--awb-border-radius-bottom-left:0px;--awb-flex-wrap:wrap;\" ><div class=\"fusion-builder-row fusion-row fusion-flex-align-items-flex-start fusion-flex-content-wrap\" style=\"width:104% !important;max-width:104% !important;margin-left: calc(-4% \/ 2 );margin-right: calc(-4% \/ 2 );\"><div class=\"fusion-layout-column fusion_builder_column fusion-builder-column-3 fusion_builder_column_1_1 1_1 fusion-flex-column\" style=\"--awb-bg-size:cover;--awb-width-large:100%;--awb-flex-grow:0;--awb-flex-shrink:0;--awb-margin-top-large:0px;--awb-spacing-right-large:1.92%;--awb-margin-bottom-large:30px;--awb-spacing-left-large:1.92%;--awb-width-medium:100%;--awb-order-medium:0;--awb-flex-grow-medium:0;--awb-flex-shrink-medium:0;--awb-spacing-right-medium:1.92%;--awb-spacing-left-medium:1.92%;--awb-width-small:100%;--awb-order-small:0;--awb-flex-grow-small:0;--awb-flex-shrink-small:0;--awb-spacing-right-small:1.92%;--awb-spacing-left-small:1.92%;\"><div class=\"fusion-column-wrapper fusion-column-has-shadow fusion-flex-justify-content-flex-start fusion-content-layout-column\"><div class=\"form-submission-notices data-notice_1\" id=\"fusion-notices-1\" data-instance=\"1\"><div class=\"fusion-alert alert success alert-success fusion-alert-center fusion-form-response fusion-form-response-success fusion-alert-capitalize awb-alert-native-link-color alert-dismissable awb-alert-close-boxed\" role=\"alert\"><div class=\"fusion-alert-content-wrapper\"><span class=\"alert-icon\"><i class=\"awb-icon-check-circle\" aria-hidden=\"true\"><\/i><\/span><span class=\"fusion-alert-content\">Vielen Dank ihre Rezeptbestellung wurde versendet.<\/span><\/div><button type=\"button\" class=\"close toggle-alert\" data-dismiss=\"alert\" aria-label=\"Close\">&times;<\/button><\/div><div class=\"fusion-alert alert error alert-danger fusion-alert-center fusion-form-response fusion-form-response-error fusion-alert-capitalize awb-alert-native-link-color alert-dismissable awb-alert-close-boxed\" role=\"alert\"><div class=\"fusion-alert-content-wrapper\"><span class=\"alert-icon\"><i class=\"awb-icon-exclamation-triangle\" aria-hidden=\"true\"><\/i><\/span><span class=\"fusion-alert-content\">Bitte entschuldigen sie es ist ein Fehler aufgetreten. Bitte versuchen sie es in K\u00fcrze erneut.<\/span><\/div><button type=\"button\" class=\"close toggle-alert\" data-dismiss=\"alert\" aria-label=\"Close\">&times;<\/button><\/div><\/div><\/div><\/div><\/div><\/div><input type=\"hidden\" name=\"fusion_privacy_expiration_interval\" value=\"48\"><input type=\"hidden\" name=\"privacy_expiration_action\" value=\"anonymize\"><\/form><\/div><\/div><\/div><div class=\"fusion-layout-column fusion_builder_column fusion-builder-column-4 fusion_builder_column_1_3 1_3 fusion-flex-column\" style=\"--awb-bg-color:var(--awb-color2);--awb-bg-color-hover:var(--awb-color2);--awb-bg-size:cover;--awb-width-large:33.333333333333%;--awb-flex-grow:0;--awb-flex-shrink:0;--awb-margin-top-large:0px;--awb-spacing-right-large:5.76%;--awb-margin-bottom-large:30px;--awb-spacing-left-large:5.76%;--awb-width-medium:100%;--awb-order-medium:0;--awb-flex-grow-medium:0;--awb-flex-shrink-medium:0;--awb-spacing-right-medium:1.92%;--awb-spacing-left-medium:1.92%;--awb-width-small:100%;--awb-order-small:0;--awb-flex-grow-small:0;--awb-flex-shrink-small:0;--awb-spacing-right-small:1.92%;--awb-spacing-left-small:1.92%;\" data-scroll-devices=\"small-visibility,medium-visibility,large-visibility\"><div class=\"fusion-column-wrapper fusion-column-has-shadow fusion-flex-justify-content-flex-start fusion-content-layout-column\"><div class=\"fusion-text fusion-text-2 fusion-text-no-margin\" style=\"--awb-margin-top:10px;--awb-margin-right:10px;--awb-margin-bottom:10px;--awb-margin-left:10px;\"><h4>IHRE VORTEILE<\/h4>\n<p>Sie kommen unb\u00fcrokratisch &amp; schnell zu ihrem Rezept.<\/p>\n<h4>WANN KANN DAS BESTELLTE REZEPT BEI DER APOTHEKE EINGEL\u00d6ST WERDEN<\/h4>\n<p>Die von ihnen angeforderten Rezepte werden auf Ihrer\u00a0<strong>E-Card gespeichert<\/strong>\u00a0und die ben\u00f6tigten Medikamente k\u00f6nnen am \u00fcbern\u00e4chsten Werktag in Ihrer Apotheke abgeholt werden\u00a0<strong>(E-Card nicht vergessen!).\u00a0<\/strong>Sollte die Aufladung auf die E-Card bis zum \u00fcbern\u00e4chsten Werktag nicht m\u00f6glich sein, m\u00fcssen sie mit ihrer E-Card in die Ordination kommen.<\/p>\n<h4>WELCHE MEDIKAMENTE K\u00d6NNEN ONLINE BESTELLT WERDEN<\/h4>\n<p>Die Online Rezeptbestellung ist nur f\u00fcr bereits vom Arzt verschriebene Dauermedikamente m\u00f6glich!<\/p>\n<h4>WICHTIG<\/h4>\n<p>Maximal 90 Tage nach dem letzten Behandlungskontakt m\u00fcssen Patienten mit ihrer E-Card wieder in die Ordination kommen, da sonst der Zugriff der Ordination auf e-Befunde und e-Medikationsdaten erlischt.<\/p>\n<\/div><\/div><\/div><\/div><\/div><!-- \/wp:post-content -->","protected":false},"excerpt":{"rendered":"","protected":false},"author":1,"featured_media":0,"parent":0,"menu_order":0,"comment_status":"closed","ping_status":"open","template":"","meta":{"footnotes":""},"class_list":["post-1224","page","type-page","status-publish","hentry"],"_links":{"self":[{"href":"https:\/\/arztpraxis-ebner.at\/index.php?rest_route=\/wp\/v2\/pages\/1224","targetHints":{"allow":["GET"]}}],"collection":[{"href":"https:\/\/arztpraxis-ebner.at\/index.php?rest_route=\/wp\/v2\/pages"}],"about":[{"href":"https:\/\/arztpraxis-ebner.at\/index.php?rest_route=\/wp\/v2\/types\/page"}],"author":[{"embeddable":true,"href":"https:\/\/arztpraxis-ebner.at\/index.php?rest_route=\/wp\/v2\/users\/1"}],"replies":[{"embeddable":true,"href":"https:\/\/arztpraxis-ebner.at\/index.php?rest_route=%2Fwp%2Fv2%2Fcomments&post=1224"}],"version-history":[{"count":22,"href":"https:\/\/arztpraxis-ebner.at\/index.php?rest_route=\/wp\/v2\/pages\/1224\/revisions"}],"predecessor-version":[{"id":1440,"href":"https:\/\/arztpraxis-ebner.at\/index.php?rest_route=\/wp\/v2\/pages\/1224\/revisions\/1440"}],"wp:attachment":[{"href":"https:\/\/arztpraxis-ebner.at\/index.php?rest_route=%2Fwp%2Fv2%2Fmedia&parent=1224"}],"curies":[{"name":"wp","href":"https:\/\/api.w.org\/{rel}","templated":true}]}}